{"id":5476,"date":"2023-04-11T14:38:37","date_gmt":"2023-04-11T14:38:37","guid":{"rendered":"https:\/\/munisanjuanermita.gob.gt\/?page_id=5476"},"modified":"2023-04-19T14:59:47","modified_gmt":"2023-04-19T14:59:47","slug":"oficina-municipal-de-agua","status":"publish","type":"page","link":"https:\/\/munisanjuanermita.gob.gt\/index.php\/oficina-municipal-de-agua\/","title":{"rendered":"Oficina Municipal de Agua"},"content":{"rendered":"<p style=\"text-align: center;\"><img loading=\"lazy\" decoding=\"async\" class=\"aligncenter size-full wp-image-5500\" src=\"https:\/\/munisanjuanermita.gob.gt\/wp-content\/uploads\/2023\/04\/14-oficina-municipal-de-agua.jpg\" alt=\"\" width=\"900\" height=\"600\" srcset=\"https:\/\/munisanjuanermita.gob.gt\/wp-content\/uploads\/2023\/04\/14-oficina-municipal-de-agua.jpg 900w, https:\/\/munisanjuanermita.gob.gt\/wp-content\/uploads\/2023\/04\/14-oficina-municipal-de-agua-300x200.jpg 300w\" sizes=\"auto, (max-width: 900px) 100vw, 900px\" \/><\/p>\n<p><strong>Oficina Municipal de Agua<\/strong><\/p>\n<p style=\"text-align: justify;\">La prestaci\u00f3n del servicio del agua a los hogares le compete a la municipalidad por mandato legal, de otra manera las lotificaciones o urbanizaciones privadas deben prestar este servicio a las personas que opten por un bien inmueble en dichos proyectos.<\/p>\n<p style=\"text-align: justify;\">En la municipalidad de San Juan Ermita contamos con un departamento de agua equipado con todas las herramientas necesarias, qu\u00edmicos aprobados por el Ministerio de Salud (cloro), para potabilizar el vital l\u00edquido, tambi\u00e9n cuenta con un grupo de personas altamente capacitadas. Dentro de las dependencias de esta instancia existe una cuadrilla de fontaneros, un encargado y una secretaria que tienen como tarea primordial coordinar las diferentes actividades para la \u00f3ptima prestaci\u00f3n del servicio, cuenta con un control de expedientes de cada usuario del \u00e1rea urbana y coordina, apoya y acompa\u00f1a las labores en la prestaci\u00f3n de este servicio en las \u00e1reas rurales. Esta unidad tiene una coordinaci\u00f3n estrecha con el Ministerio de Salud para asegurar el manteniendo y saneamiento del agua.<\/p>\n","protected":false},"excerpt":{"rendered":"<p>Oficina Municipal de Agua La prestaci\u00f3n del servicio del agua a los hogares le compete a la municipalidad por mandato legal, de otra manera las lotificaciones o urbanizaciones privadas deben prestar este servicio a las personas que opten por un bien inmueble en dichos proyectos. En la municipalidad de San Juan Ermita contamos con un [&hellip;]<\/p>\n","protected":false},"author":1,"featured_media":0,"parent":0,"menu_order":0,"comment_status":"closed","ping_status":"closed","template":"","meta":{"footnotes":""},"class_list":["post-5476","page","type-page","status-publish","hentry"],"_links":{"self":[{"href":"https:\/\/munisanjuanermita.gob.gt\/index.php\/wp-json\/wp\/v2\/pages\/5476","targetHints":{"allow":["GET"]}}],"collection":[{"href":"https:\/\/munisanjuanermita.gob.gt\/index.php\/wp-json\/wp\/v2\/pages"}],"about":[{"href":"https:\/\/munisanjuanermita.gob.gt\/index.php\/wp-json\/wp\/v2\/types\/page"}],"author":[{"embeddable":true,"href":"https:\/\/munisanjuanermita.gob.gt\/index.php\/wp-json\/wp\/v2\/users\/1"}],"replies":[{"embeddable":true,"href":"https:\/\/munisanjuanermita.gob.gt\/index.php\/wp-json\/wp\/v2\/comments?post=5476"}],"version-history":[{"count":2,"href":"https:\/\/munisanjuanermita.gob.gt\/index.php\/wp-json\/wp\/v2\/pages\/5476\/revisions"}],"predecessor-version":[{"id":5516,"href":"https:\/\/munisanjuanermita.gob.gt\/index.php\/wp-json\/wp\/v2\/pages\/5476\/revisions\/5516"}],"wp:attachment":[{"href":"https:\/\/munisanjuanermita.gob.gt\/index.php\/wp-json\/wp\/v2\/media?parent=5476"}],"curies":[{"name":"wp","href":"https:\/\/api.w.org\/{rel}","templated":true}]}}