{"id":5473,"date":"2023-04-11T14:34:54","date_gmt":"2023-04-11T14:34:54","guid":{"rendered":"https:\/\/munisanjuanermita.gob.gt\/?page_id=5473"},"modified":"2024-07-29T21:08:36","modified_gmt":"2024-07-29T21:08:36","slug":"oficina-municipal-de-arte-cultura-y-deportes","status":"publish","type":"page","link":"https:\/\/munisanjuanermita.gob.gt\/index.php\/oficina-municipal-de-arte-cultura-y-deportes\/","title":{"rendered":"OFICINA MUNICIPAL DE ARTE, CULTURA Y DEPORTE"},"content":{"rendered":"<p style=\"text-align: center;\"><img loading=\"lazy\" decoding=\"async\" class=\"aligncenter size-full wp-image-5499\" src=\"https:\/\/munisanjuanermita.gob.gt\/wp-content\/uploads\/2023\/04\/13oOficina-de-arte-cultura-y-deportes.jpg\" alt=\"\" width=\"900\" height=\"675\" srcset=\"https:\/\/munisanjuanermita.gob.gt\/wp-content\/uploads\/2023\/04\/13oOficina-de-arte-cultura-y-deportes.jpg 900w, https:\/\/munisanjuanermita.gob.gt\/wp-content\/uploads\/2023\/04\/13oOficina-de-arte-cultura-y-deportes-300x225.jpg 300w\" sizes=\"auto, (max-width: 900px) 100vw, 900px\" \/><\/p>\n<p><strong>Oficina Municipal de Arte, Cultura y Deportes<\/strong><\/p>\n<p style=\"text-align: justify;\">La oficina de arte, cultura y deportes nace a trav\u00e9s de la necesidad de poder salvar valores y pr\u00e1cticas de nuestro municipio, continuamente en busca de producir y conformar nuevos artistas e individuos que realcen nuestra identidad cultural, garantizando a los ni\u00f1os, j\u00f3venes y adultos el goce y construcci\u00f3n de los bienes y servicios art\u00edsticos, culturales y deportivos en nuestro municipio. Desarrollando talleres para brindar un lugar de aprendizaje cultural, que se han venido desarrollando con enorme asentimiento de la sociedad. Tomando en cuenta cursos de deportes, m\u00fasica, danza, entre otros.<\/p>\n","protected":false},"excerpt":{"rendered":"<p>Oficina Municipal de Arte, Cultura y Deportes La oficina de arte, cultura y deportes nace a trav\u00e9s de la necesidad de poder salvar valores y pr\u00e1cticas de nuestro municipio, continuamente en busca de producir y conformar nuevos artistas e individuos que realcen nuestra identidad cultural, garantizando a los ni\u00f1os, j\u00f3venes y adultos el goce y [&hellip;]<\/p>\n","protected":false},"author":1,"featured_media":0,"parent":0,"menu_order":0,"comment_status":"closed","ping_status":"closed","template":"","meta":{"footnotes":""},"class_list":["post-5473","page","type-page","status-publish","hentry"],"_links":{"self":[{"href":"https:\/\/munisanjuanermita.gob.gt\/index.php\/wp-json\/wp\/v2\/pages\/5473","targetHints":{"allow":["GET"]}}],"collection":[{"href":"https:\/\/munisanjuanermita.gob.gt\/index.php\/wp-json\/wp\/v2\/pages"}],"about":[{"href":"https:\/\/munisanjuanermita.gob.gt\/index.php\/wp-json\/wp\/v2\/types\/page"}],"author":[{"embeddable":true,"href":"https:\/\/munisanjuanermita.gob.gt\/index.php\/wp-json\/wp\/v2\/users\/1"}],"replies":[{"embeddable":true,"href":"https:\/\/munisanjuanermita.gob.gt\/index.php\/wp-json\/wp\/v2\/comments?post=5473"}],"version-history":[{"count":4,"href":"https:\/\/munisanjuanermita.gob.gt\/index.php\/wp-json\/wp\/v2\/pages\/5473\/revisions"}],"predecessor-version":[{"id":7969,"href":"https:\/\/munisanjuanermita.gob.gt\/index.php\/wp-json\/wp\/v2\/pages\/5473\/revisions\/7969"}],"wp:attachment":[{"href":"https:\/\/munisanjuanermita.gob.gt\/index.php\/wp-json\/wp\/v2\/media?parent=5473"}],"curies":[{"name":"wp","href":"https:\/\/api.w.org\/{rel}","templated":true}]}}