{"id":5470,"date":"2023-04-11T14:29:35","date_gmt":"2023-04-11T14:29:35","guid":{"rendered":"https:\/\/munisanjuanermita.gob.gt\/?page_id=5470"},"modified":"2023-04-19T14:57:09","modified_gmt":"2023-04-19T14:57:09","slug":"juzgado-de-asuntos-municipales","status":"publish","type":"page","link":"https:\/\/munisanjuanermita.gob.gt\/index.php\/juzgado-de-asuntos-municipales\/","title":{"rendered":"Juzgado de Asuntos Municipales"},"content":{"rendered":"<p style=\"text-align: center;\"><img loading=\"lazy\" decoding=\"async\" class=\"aligncenter size-full wp-image-5498\" src=\"https:\/\/munisanjuanermita.gob.gt\/wp-content\/uploads\/2023\/04\/12-juzgado-de-asuntos-municipale.jpg\" alt=\"\" width=\"900\" height=\"675\" srcset=\"https:\/\/munisanjuanermita.gob.gt\/wp-content\/uploads\/2023\/04\/12-juzgado-de-asuntos-municipale.jpg 900w, https:\/\/munisanjuanermita.gob.gt\/wp-content\/uploads\/2023\/04\/12-juzgado-de-asuntos-municipale-300x225.jpg 300w\" sizes=\"auto, (max-width: 900px) 100vw, 900px\" \/><\/p>\n<p><strong>Juzgado de Asuntos Municipales<\/strong><\/p>\n<p style=\"text-align: justify;\">Dentro de las instancias municipales est\u00e1 el Juzgado de Asuntos Municipales, que es el encargado de llevar a cabo la ejecuci\u00f3n de las ordenanzas, el cumplimiento de los reglamentos y dem\u00e1s acuerdos y resoluciones municipales. El juzgado de Asuntos Municipales tambi\u00e9n juega un rol importante en la conciliaci\u00f3n, dando paso a un espacio amigable y fraternal en donde dos personas o grupos en conflicto pueden llegar a acuerdos sin necesidad de llegar a instancias jurisdiccionales del organismo judicial, favoreci\u00e9ndose las partes en el factor econ\u00f3mico y tiempo. Es importante resaltar que el juez de asuntos municipales tiene competencia por raz\u00f3n de materia en asuntos municipales y su jurisdicci\u00f3n se limita a nuestro territorio; aplic\u00e1ndose en la resoluci\u00f3n de los diferentes conflictos lo ordenado en el C\u00f3digo Municipal.<\/p>\n","protected":false},"excerpt":{"rendered":"<p>Juzgado de Asuntos Municipales Dentro de las instancias municipales est\u00e1 el Juzgado de Asuntos Municipales, que es el encargado de llevar a cabo la ejecuci\u00f3n de las ordenanzas, el cumplimiento de los reglamentos y dem\u00e1s acuerdos y resoluciones municipales. El juzgado de Asuntos Municipales tambi\u00e9n juega un rol importante en la conciliaci\u00f3n, dando paso a [&hellip;]<\/p>\n","protected":false},"author":1,"featured_media":0,"parent":0,"menu_order":0,"comment_status":"closed","ping_status":"closed","template":"","meta":{"footnotes":""},"class_list":["post-5470","page","type-page","status-publish","hentry"],"_links":{"self":[{"href":"https:\/\/munisanjuanermita.gob.gt\/index.php\/wp-json\/wp\/v2\/pages\/5470","targetHints":{"allow":["GET"]}}],"collection":[{"href":"https:\/\/munisanjuanermita.gob.gt\/index.php\/wp-json\/wp\/v2\/pages"}],"about":[{"href":"https:\/\/munisanjuanermita.gob.gt\/index.php\/wp-json\/wp\/v2\/types\/page"}],"author":[{"embeddable":true,"href":"https:\/\/munisanjuanermita.gob.gt\/index.php\/wp-json\/wp\/v2\/users\/1"}],"replies":[{"embeddable":true,"href":"https:\/\/munisanjuanermita.gob.gt\/index.php\/wp-json\/wp\/v2\/comments?post=5470"}],"version-history":[{"count":2,"href":"https:\/\/munisanjuanermita.gob.gt\/index.php\/wp-json\/wp\/v2\/pages\/5470\/revisions"}],"predecessor-version":[{"id":5514,"href":"https:\/\/munisanjuanermita.gob.gt\/index.php\/wp-json\/wp\/v2\/pages\/5470\/revisions\/5514"}],"wp:attachment":[{"href":"https:\/\/munisanjuanermita.gob.gt\/index.php\/wp-json\/wp\/v2\/media?parent=5470"}],"curies":[{"name":"wp","href":"https:\/\/api.w.org\/{rel}","templated":true}]}}