{"id":5467,"date":"2023-04-11T14:26:35","date_gmt":"2023-04-11T14:26:35","guid":{"rendered":"https:\/\/munisanjuanermita.gob.gt\/?page_id=5467"},"modified":"2024-08-05T19:17:33","modified_gmt":"2024-08-05T19:17:33","slug":"instancia-municipal-de-gestion-integral-de-riesgo-de-desastres-imgird","status":"publish","type":"page","link":"https:\/\/munisanjuanermita.gob.gt\/index.php\/instancia-municipal-de-gestion-integral-de-riesgo-de-desastres-imgird\/","title":{"rendered":"OFICINA MUNICIPAL DE GESTI\u00d3N INTEGRAL DEL RIESGO A DESASTRES"},"content":{"rendered":"<p style=\"text-align: center;\">\n<p><b>OFICINA MUNICIPAL DE GESTI\u00d3N INTEGRAL DEL RIESGO A DESASTRES<\/b><\/p>\n<p>Por medio de la Oficina Municipal de Gesti\u00f3n Integral del Riesgo a Desastres debe asesorar en la formulaci\u00f3n, aplicaci\u00f3n e implementaci\u00f3n de medidas de gesti\u00f3n integral del riesgo a desastres en los procesos de desarrollo a nivel municipal. Considerando la gesti\u00f3n del riesgo a nivel local, por su naturaleza y especificidad del territorio, esta basada en la investigaci\u00f3n cient\u00edfica, registro de informaciones y orientar las pol\u00edticas, estrategias y acciones en todos los niveles de gobierno y de la sociedad con la finalidad de proteger la vida de la poblaci\u00f3n, el patrimonio de las persona y del estado. La OMGIRD debe entenderse como un proceso complejo sistem\u00e1tico conformado por una serie de decisiones, acciones y actividades as\u00ed como una coordinaci\u00f3n trasversal siendo la clave para construir resiliencia.<\/p>\n<p style=\"text-align: left;\">La construcci\u00f3n de resiliencia a nivel local promueve la capacidad de las personas, instituciones, comunidades y sistemas para adaptarse a los escenario de riesgo de desastres a los que se encuentran expuestos. Considerando la capacidad de un municipio, una comunidad o una sociedad expuestos a una amenaza para resistir, absorber, adaptarse, transformarse y recuperarse de los impactos de manera oportuna y eficiente.<\/p>\n","protected":false},"excerpt":{"rendered":"<p>OFICINA MUNICIPAL DE GESTI\u00d3N INTEGRAL DEL RIESGO A DESASTRES Por medio de la Oficina Municipal de Gesti\u00f3n Integral del Riesgo a Desastres debe asesorar en la formulaci\u00f3n, aplicaci\u00f3n e implementaci\u00f3n de medidas de gesti\u00f3n integral del riesgo a desastres en los procesos de desarrollo a nivel municipal. Considerando la gesti\u00f3n del riesgo a nivel local, [&hellip;]<\/p>\n","protected":false},"author":1,"featured_media":0,"parent":0,"menu_order":0,"comment_status":"closed","ping_status":"closed","template":"","meta":{"footnotes":""},"class_list":["post-5467","page","type-page","status-publish","hentry"],"_links":{"self":[{"href":"https:\/\/munisanjuanermita.gob.gt\/index.php\/wp-json\/wp\/v2\/pages\/5467","targetHints":{"allow":["GET"]}}],"collection":[{"href":"https:\/\/munisanjuanermita.gob.gt\/index.php\/wp-json\/wp\/v2\/pages"}],"about":[{"href":"https:\/\/munisanjuanermita.gob.gt\/index.php\/wp-json\/wp\/v2\/types\/page"}],"author":[{"embeddable":true,"href":"https:\/\/munisanjuanermita.gob.gt\/index.php\/wp-json\/wp\/v2\/users\/1"}],"replies":[{"embeddable":true,"href":"https:\/\/munisanjuanermita.gob.gt\/index.php\/wp-json\/wp\/v2\/comments?post=5467"}],"version-history":[{"count":16,"href":"https:\/\/munisanjuanermita.gob.gt\/index.php\/wp-json\/wp\/v2\/pages\/5467\/revisions"}],"predecessor-version":[{"id":8107,"href":"https:\/\/munisanjuanermita.gob.gt\/index.php\/wp-json\/wp\/v2\/pages\/5467\/revisions\/8107"}],"wp:attachment":[{"href":"https:\/\/munisanjuanermita.gob.gt\/index.php\/wp-json\/wp\/v2\/media?parent=5467"}],"curies":[{"name":"wp","href":"https:\/\/api.w.org\/{rel}","templated":true}]}}