{"id":5464,"date":"2023-04-11T14:24:01","date_gmt":"2023-04-11T14:24:01","guid":{"rendered":"https:\/\/munisanjuanermita.gob.gt\/?page_id=5464"},"modified":"2023-04-19T14:54:15","modified_gmt":"2023-04-19T14:54:15","slug":"unidad-de-gestion-ambiental-municipal-ugam","status":"publish","type":"page","link":"https:\/\/munisanjuanermita.gob.gt\/index.php\/unidad-de-gestion-ambiental-municipal-ugam\/","title":{"rendered":"Unidad de Gesti\u00f3n Ambiental Municipal (UGAM)"},"content":{"rendered":"<p style=\"text-align: center;\"><img loading=\"lazy\" decoding=\"async\" class=\"aligncenter size-full wp-image-5496\" src=\"https:\/\/munisanjuanermita.gob.gt\/wp-content\/uploads\/2023\/04\/10-unidad-de-gestion-ambiental-municipal.jpg\" alt=\"\" width=\"900\" height=\"600\" srcset=\"https:\/\/munisanjuanermita.gob.gt\/wp-content\/uploads\/2023\/04\/10-unidad-de-gestion-ambiental-municipal.jpg 900w, https:\/\/munisanjuanermita.gob.gt\/wp-content\/uploads\/2023\/04\/10-unidad-de-gestion-ambiental-municipal-300x200.jpg 300w\" sizes=\"auto, (max-width: 900px) 100vw, 900px\" \/><\/p>\n<p><strong>Unidad de Gesti\u00f3n Ambiental Municipal (UGAM)<\/strong><\/p>\n<p style=\"text-align: justify;\">La municipalidad de San Juan Ermita consiente de la necesidad de trabajar en proyectos tendientes a mejorar la calidad de vida de los vecinos, apoya considerablemente a la unidad encargada de fomentar e implementar el desarrollo comunitario, urbano y rural, garantizando la sostenibilidad del medio ambiente y el sostenimiento de los recursos mediante el enfoque t\u00e9cnico.<\/p>\n<p style=\"text-align: justify;\">Se tiene como misi\u00f3n promover y contribuir acciones para aumentar la calidad, productividad y conservaci\u00f3n de los recursos naturales de la regi\u00f3n.<\/p>\n","protected":false},"excerpt":{"rendered":"<p>Unidad de Gesti\u00f3n Ambiental Municipal (UGAM) La municipalidad de San Juan Ermita consiente de la necesidad de trabajar en proyectos tendientes a mejorar la calidad de vida de los vecinos, apoya considerablemente a la unidad encargada de fomentar e implementar el desarrollo comunitario, urbano y rural, garantizando la sostenibilidad del medio ambiente y el sostenimiento [&hellip;]<\/p>\n","protected":false},"author":1,"featured_media":0,"parent":0,"menu_order":0,"comment_status":"closed","ping_status":"closed","template":"","meta":{"footnotes":""},"class_list":["post-5464","page","type-page","status-publish","hentry"],"_links":{"self":[{"href":"https:\/\/munisanjuanermita.gob.gt\/index.php\/wp-json\/wp\/v2\/pages\/5464","targetHints":{"allow":["GET"]}}],"collection":[{"href":"https:\/\/munisanjuanermita.gob.gt\/index.php\/wp-json\/wp\/v2\/pages"}],"about":[{"href":"https:\/\/munisanjuanermita.gob.gt\/index.php\/wp-json\/wp\/v2\/types\/page"}],"author":[{"embeddable":true,"href":"https:\/\/munisanjuanermita.gob.gt\/index.php\/wp-json\/wp\/v2\/users\/1"}],"replies":[{"embeddable":true,"href":"https:\/\/munisanjuanermita.gob.gt\/index.php\/wp-json\/wp\/v2\/comments?post=5464"}],"version-history":[{"count":2,"href":"https:\/\/munisanjuanermita.gob.gt\/index.php\/wp-json\/wp\/v2\/pages\/5464\/revisions"}],"predecessor-version":[{"id":5512,"href":"https:\/\/munisanjuanermita.gob.gt\/index.php\/wp-json\/wp\/v2\/pages\/5464\/revisions\/5512"}],"wp:attachment":[{"href":"https:\/\/munisanjuanermita.gob.gt\/index.php\/wp-json\/wp\/v2\/media?parent=5464"}],"curies":[{"name":"wp","href":"https:\/\/api.w.org\/{rel}","templated":true}]}}