{"id":5461,"date":"2023-04-11T14:21:57","date_gmt":"2023-04-11T14:21:57","guid":{"rendered":"https:\/\/munisanjuanermita.gob.gt\/?page_id=5461"},"modified":"2023-04-19T14:52:30","modified_gmt":"2023-04-19T14:52:30","slug":"direccion-municipal-de-seguridad-alimentaria-y-nutricional-dimsan","status":"publish","type":"page","link":"https:\/\/munisanjuanermita.gob.gt\/index.php\/direccion-municipal-de-seguridad-alimentaria-y-nutricional-dimsan\/","title":{"rendered":"Direcci\u00f3n Municipal de Seguridad Alimentaria y Nutricional (DIMSAN)"},"content":{"rendered":"<p style=\"text-align: center;\"><img loading=\"lazy\" decoding=\"async\" class=\"aligncenter size-full wp-image-5495\" src=\"https:\/\/munisanjuanermita.gob.gt\/wp-content\/uploads\/2023\/04\/09-direccion-municipal-de-seguridad-alimentaria-y-nutricional-dimsan.jpg\" alt=\"\" width=\"900\" height=\"600\" srcset=\"https:\/\/munisanjuanermita.gob.gt\/wp-content\/uploads\/2023\/04\/09-direccion-municipal-de-seguridad-alimentaria-y-nutricional-dimsan.jpg 900w, https:\/\/munisanjuanermita.gob.gt\/wp-content\/uploads\/2023\/04\/09-direccion-municipal-de-seguridad-alimentaria-y-nutricional-dimsan-300x200.jpg 300w\" sizes=\"auto, (max-width: 900px) 100vw, 900px\" \/><\/p>\n<p><strong>Direcci\u00f3n Municipal de Seguridad Alimentaria y Nutricional (DIMSAN)<\/strong><\/p>\n<p style=\"text-align: justify;\">Esta dependencia impulsa el desarrollo del municipio a trav\u00e9s de la implementaci\u00f3n de mecanismos en coordinaci\u00f3n interinstitucional para el abordaje de las intervenciones de forma integral y sostenible, orientada a la reducci\u00f3n del riesgo a inseguridad alimentaria y nutricional y a la desnutrici\u00f3n cr\u00f3nica, con atenci\u00f3n principal de la poblaci\u00f3n con mayor vulnerabilidad, con el \u00fanico prop\u00f3sito de mejorar la calidad de vida de los vecinos. El fortalecer la DIMSAN es de gran importancia debido a que se aumentan las gestiones en proyectos enfocados en la seguridad alimentaria y nutricional, lo que a su vez aumenta la eficacia de los proyectos implementados al tener una adecuada organizaci\u00f3n.<\/p>\n<p style=\"text-align: justify;\">La Direcci\u00f3n Municipal de Seguridad Alimentaria y Nutricional debe incorporar los componentes alimentarios y nutricionales para el logro de la seguridad alimentaria de las familias del municipio, que debido a sus niveles de pobreza se encuentran en vulnerabilidad nutricional.<\/p>\n<p style=\"text-align: justify;\">El municipio de San Juan Ermita, seg\u00fan el IV censo de talla en escolares de primer grado primaria presenta un 47.6% de desnutrici\u00f3n cr\u00f3nica, es por tal circunstancia que se debe responder ante la crisis alimentaria actual, por ello, el gobierno Municipal de San Juan Ermita implement\u00f3 la Direcci\u00f3n Municipal de Seguridad Alimentaria y Nutricional para coordinar y gestionar acciones enfocadas en la seguridad alimentaria y nutricional y a su vez mantener un sistema de monitoreo y prevenci\u00f3n de las comunidades rurales con mayor porcentaje de desnutrici\u00f3n cr\u00f3nica y mayor tasa de pobreza. Con la creaci\u00f3n de la DIMSAN se pretende facilitar procesos de planificaci\u00f3n para incluir acciones y recursos espec\u00edficos para contrarrestar los efectos de inseguridad alimentaria que afecten a las familias m\u00e1s vulnerables que se encuentren en pobreza y extrema pobreza del \u00e1rea rural. La DIMSAN gestiona, coordina, ejecuta y apoya proyectos enfocados en la reducci\u00f3n de la inseguridad alimentaria y nutricional del municipio, facilita la comunicaci\u00f3n entre las instituciones gubernamentales y no gubernamentales con la poblaci\u00f3n m\u00e1s vulnerable del municipio.<\/p>\n","protected":false},"excerpt":{"rendered":"<p>Direcci\u00f3n Municipal de Seguridad Alimentaria y Nutricional (DIMSAN) Esta dependencia impulsa el desarrollo del municipio a trav\u00e9s de la implementaci\u00f3n de mecanismos en coordinaci\u00f3n interinstitucional para el abordaje de las intervenciones de forma integral y sostenible, orientada a la reducci\u00f3n del riesgo a inseguridad alimentaria y nutricional y a la desnutrici\u00f3n cr\u00f3nica, con atenci\u00f3n principal [&hellip;]<\/p>\n","protected":false},"author":1,"featured_media":0,"parent":0,"menu_order":0,"comment_status":"closed","ping_status":"closed","template":"","meta":{"footnotes":""},"class_list":["post-5461","page","type-page","status-publish","hentry"],"_links":{"self":[{"href":"https:\/\/munisanjuanermita.gob.gt\/index.php\/wp-json\/wp\/v2\/pages\/5461","targetHints":{"allow":["GET"]}}],"collection":[{"href":"https:\/\/munisanjuanermita.gob.gt\/index.php\/wp-json\/wp\/v2\/pages"}],"about":[{"href":"https:\/\/munisanjuanermita.gob.gt\/index.php\/wp-json\/wp\/v2\/types\/page"}],"author":[{"embeddable":true,"href":"https:\/\/munisanjuanermita.gob.gt\/index.php\/wp-json\/wp\/v2\/users\/1"}],"replies":[{"embeddable":true,"href":"https:\/\/munisanjuanermita.gob.gt\/index.php\/wp-json\/wp\/v2\/comments?post=5461"}],"version-history":[{"count":2,"href":"https:\/\/munisanjuanermita.gob.gt\/index.php\/wp-json\/wp\/v2\/pages\/5461\/revisions"}],"predecessor-version":[{"id":5511,"href":"https:\/\/munisanjuanermita.gob.gt\/index.php\/wp-json\/wp\/v2\/pages\/5461\/revisions\/5511"}],"wp:attachment":[{"href":"https:\/\/munisanjuanermita.gob.gt\/index.php\/wp-json\/wp\/v2\/media?parent=5461"}],"curies":[{"name":"wp","href":"https:\/\/api.w.org\/{rel}","templated":true}]}}