{"id":5458,"date":"2023-04-11T14:19:01","date_gmt":"2023-04-11T14:19:01","guid":{"rendered":"https:\/\/munisanjuanermita.gob.gt\/?page_id=5458"},"modified":"2023-04-19T14:50:59","modified_gmt":"2023-04-19T14:50:59","slug":"oficina-municipal-de-desarrollo-economico-local-omdel","status":"publish","type":"page","link":"https:\/\/munisanjuanermita.gob.gt\/index.php\/oficina-municipal-de-desarrollo-economico-local-omdel\/","title":{"rendered":"Oficina Municipal de Desarrollo Econ\u00f3mico Local (OMDEL)"},"content":{"rendered":"<p style=\"text-align: center;\"><img loading=\"lazy\" decoding=\"async\" class=\"aligncenter size-full wp-image-5494\" src=\"https:\/\/munisanjuanermita.gob.gt\/wp-content\/uploads\/2023\/04\/08-oficina-municipal-de-desarrollo-economico-local.jpg\" alt=\"\" width=\"900\" height=\"600\" srcset=\"https:\/\/munisanjuanermita.gob.gt\/wp-content\/uploads\/2023\/04\/08-oficina-municipal-de-desarrollo-economico-local.jpg 900w, https:\/\/munisanjuanermita.gob.gt\/wp-content\/uploads\/2023\/04\/08-oficina-municipal-de-desarrollo-economico-local-300x200.jpg 300w\" sizes=\"auto, (max-width: 900px) 100vw, 900px\" \/><\/p>\n<p><strong>Oficina Municipal de Desarrollo Econ\u00f3mico Local (OMDEL)<\/strong><\/p>\n<p style=\"text-align: justify;\">La municipalidad de San Juan Ermita es pionera en el departamento de Chiquimula en la creaci\u00f3n de la Oficina Municipal de Desarrollo Econ\u00f3mico Local OMDEL, la cual cumple con el proceso de concertaci\u00f3n p\u00fablico-privado entre el Gobierno local, la sociedad civil organizada y el sector privado, coordinando adem\u00e1s con el Ministerio de Trabajo y el Ministerio de Econom\u00eda. Su m\u00e1ximo prop\u00f3sito es mejor la calidad de vida de la poblaci\u00f3n mediante la facilitaci\u00f3n de procesos, proyectos y programas tendientes a la b\u00fasqueda continua de mejores oportunidades de empleos para nuestros vecinos, con especial \u00e9nfasis en los j\u00f3venes. Tambi\u00e9n promueve principios empresariales, teniendo una fluida comunicaci\u00f3n y coordinaci\u00f3n con el INTECAP y otras instancias.<\/p>\n","protected":false},"excerpt":{"rendered":"<p>Oficina Municipal de Desarrollo Econ\u00f3mico Local (OMDEL) La municipalidad de San Juan Ermita es pionera en el departamento de Chiquimula en la creaci\u00f3n de la Oficina Municipal de Desarrollo Econ\u00f3mico Local OMDEL, la cual cumple con el proceso de concertaci\u00f3n p\u00fablico-privado entre el Gobierno local, la sociedad civil organizada y el sector privado, coordinando adem\u00e1s [&hellip;]<\/p>\n","protected":false},"author":1,"featured_media":0,"parent":0,"menu_order":0,"comment_status":"closed","ping_status":"closed","template":"","meta":{"footnotes":""},"class_list":["post-5458","page","type-page","status-publish","hentry"],"_links":{"self":[{"href":"https:\/\/munisanjuanermita.gob.gt\/index.php\/wp-json\/wp\/v2\/pages\/5458","targetHints":{"allow":["GET"]}}],"collection":[{"href":"https:\/\/munisanjuanermita.gob.gt\/index.php\/wp-json\/wp\/v2\/pages"}],"about":[{"href":"https:\/\/munisanjuanermita.gob.gt\/index.php\/wp-json\/wp\/v2\/types\/page"}],"author":[{"embeddable":true,"href":"https:\/\/munisanjuanermita.gob.gt\/index.php\/wp-json\/wp\/v2\/users\/1"}],"replies":[{"embeddable":true,"href":"https:\/\/munisanjuanermita.gob.gt\/index.php\/wp-json\/wp\/v2\/comments?post=5458"}],"version-history":[{"count":2,"href":"https:\/\/munisanjuanermita.gob.gt\/index.php\/wp-json\/wp\/v2\/pages\/5458\/revisions"}],"predecessor-version":[{"id":5510,"href":"https:\/\/munisanjuanermita.gob.gt\/index.php\/wp-json\/wp\/v2\/pages\/5458\/revisions\/5510"}],"wp:attachment":[{"href":"https:\/\/munisanjuanermita.gob.gt\/index.php\/wp-json\/wp\/v2\/media?parent=5458"}],"curies":[{"name":"wp","href":"https:\/\/api.w.org\/{rel}","templated":true}]}}