{"id":5455,"date":"2023-04-11T14:10:27","date_gmt":"2023-04-11T14:10:27","guid":{"rendered":"https:\/\/munisanjuanermita.gob.gt\/?page_id=5455"},"modified":"2023-04-19T14:49:11","modified_gmt":"2023-04-19T14:49:11","slug":"direccion-municipal-de-la-mujer-dmm","status":"publish","type":"page","link":"https:\/\/munisanjuanermita.gob.gt\/index.php\/direccion-municipal-de-la-mujer-dmm\/","title":{"rendered":"Direcci\u00f3n Municipal de la Mujer (DMM)"},"content":{"rendered":"<p style=\"text-align: center;\"><img loading=\"lazy\" decoding=\"async\" class=\"aligncenter size-full wp-image-5493\" src=\"https:\/\/munisanjuanermita.gob.gt\/wp-content\/uploads\/2023\/04\/07-direccion-municipal-de-la-mujer.jpg\" alt=\"\" width=\"900\" height=\"600\" srcset=\"https:\/\/munisanjuanermita.gob.gt\/wp-content\/uploads\/2023\/04\/07-direccion-municipal-de-la-mujer.jpg 900w, https:\/\/munisanjuanermita.gob.gt\/wp-content\/uploads\/2023\/04\/07-direccion-municipal-de-la-mujer-300x200.jpg 300w\" sizes=\"auto, (max-width: 900px) 100vw, 900px\" \/><\/p>\n<p style=\"text-align: justify;\">Son de los eslabones m\u00e1s importantes de la Municipalidad, siendo sus principales ejes de trabajo; Gesti\u00f3n, Coordinaci\u00f3n, Atenci\u00f3n, Monitoreo y evaluaci\u00f3n dentro del marco estrat\u00e9gico de la promoci\u00f3n y respeto de los derechos de las mujeres, ni\u00f1os, adolescentes, j\u00f3venes y adultos mayores. Dentro de las competencias; el fin primordial es disminuir las diferentes problem\u00e1ticas que nos afectan como sociedad.<\/p>\n<p style=\"text-align: justify;\">Esta dependencia toma como rol, ser el ente rector para la articulaci\u00f3n y uni\u00f3n de esfuerzos entre las instituciones gubernamentales y no gubernamentales con el fin de fomentar proyectos y programas que mejoren el desarrollo y calidad de vida a trav\u00e9s del empoderamiento, formaci\u00f3n y la instalaci\u00f3n de capacidades para el desarrollo econ\u00f3mico y sostenible de los y las habitantes del Municipio.<\/p>\n<p style=\"text-align: justify;\">Como objetivo se tiene planificar y programar, las acciones de car\u00e1cter t\u00e9cnico, que implementa la Direcci\u00f3n Municipal de la Mujer, Ni\u00f1ez, Adolescencia y Adulto Mayor. Elaborar e implementar propuestas de pol\u00edticas Municipales basadas en la pol\u00edtica Nacional de promoci\u00f3n y desarrollo de las mujeres, ni\u00f1os, adolescentes, j\u00f3venes, y adulto mayor de Guatemala, para integrar a pol\u00edticas agendas locales y acciones municipales. Informar y asesorar, orientar a la mayor parte de la poblaci\u00f3n especialmente sobre sus derechos; proceso de organizaci\u00f3n de los grupos de mujeres y j\u00f3venes, creando un enlace entre el sector municipal de cada una de las comunidades del municipio.<\/p>\n","protected":false},"excerpt":{"rendered":"<p>Son de los eslabones m\u00e1s importantes de la Municipalidad, siendo sus principales ejes de trabajo; Gesti\u00f3n, Coordinaci\u00f3n, Atenci\u00f3n, Monitoreo y evaluaci\u00f3n dentro del marco estrat\u00e9gico de la promoci\u00f3n y respeto de los derechos de las mujeres, ni\u00f1os, adolescentes, j\u00f3venes y adultos mayores. Dentro de las competencias; el fin primordial es disminuir las diferentes problem\u00e1ticas que [&hellip;]<\/p>\n","protected":false},"author":1,"featured_media":0,"parent":0,"menu_order":0,"comment_status":"closed","ping_status":"closed","template":"","meta":{"footnotes":""},"class_list":["post-5455","page","type-page","status-publish","hentry"],"_links":{"self":[{"href":"https:\/\/munisanjuanermita.gob.gt\/index.php\/wp-json\/wp\/v2\/pages\/5455","targetHints":{"allow":["GET"]}}],"collection":[{"href":"https:\/\/munisanjuanermita.gob.gt\/index.php\/wp-json\/wp\/v2\/pages"}],"about":[{"href":"https:\/\/munisanjuanermita.gob.gt\/index.php\/wp-json\/wp\/v2\/types\/page"}],"author":[{"embeddable":true,"href":"https:\/\/munisanjuanermita.gob.gt\/index.php\/wp-json\/wp\/v2\/users\/1"}],"replies":[{"embeddable":true,"href":"https:\/\/munisanjuanermita.gob.gt\/index.php\/wp-json\/wp\/v2\/comments?post=5455"}],"version-history":[{"count":2,"href":"https:\/\/munisanjuanermita.gob.gt\/index.php\/wp-json\/wp\/v2\/pages\/5455\/revisions"}],"predecessor-version":[{"id":5509,"href":"https:\/\/munisanjuanermita.gob.gt\/index.php\/wp-json\/wp\/v2\/pages\/5455\/revisions\/5509"}],"wp:attachment":[{"href":"https:\/\/munisanjuanermita.gob.gt\/index.php\/wp-json\/wp\/v2\/media?parent=5455"}],"curies":[{"name":"wp","href":"https:\/\/api.w.org\/{rel}","templated":true}]}}