{"id":5452,"date":"2023-04-11T14:03:14","date_gmt":"2023-04-11T14:03:14","guid":{"rendered":"https:\/\/munisanjuanermita.gob.gt\/?page_id=5452"},"modified":"2024-07-29T20:49:45","modified_gmt":"2024-07-29T20:49:45","slug":"unidad-de-administracion-evaluacion-de-riesgos-y-archivo","status":"publish","type":"page","link":"https:\/\/munisanjuanermita.gob.gt\/index.php\/unidad-de-administracion-evaluacion-de-riesgos-y-archivo\/","title":{"rendered":"UNIDAD DE ARCHIVO"},"content":{"rendered":"\t\t<div data-elementor-type=\"wp-page\" data-elementor-id=\"5452\" class=\"elementor elementor-5452\" data-elementor-settings=\"[]\">\n\t\t\t\t\t\t\t<div class=\"elementor-section-wrap\">\n\t\t\t\t\t\t\t<section class=\"elementor-section elementor-top-section elementor-element elementor-element-c37f9ee elementor-section-boxed elementor-section-height-default elementor-section-height-default\" data-id=\"c37f9ee\" data-element_type=\"section\">\n\t\t\t\t\t\t<div class=\"elementor-container elementor-column-gap-default\">\n\t\t\t\t\t<div class=\"elementor-column elementor-col-100 elementor-top-column elementor-element elementor-element-7e64e0d7\" data-id=\"7e64e0d7\" data-element_type=\"column\">\n\t\t\t<div class=\"elementor-widget-wrap elementor-element-populated\">\n\t\t\t\t\t\t\t\t<div class=\"elementor-element elementor-element-331f78d4 elementor-widget elementor-widget-text-editor\" data-id=\"331f78d4\" data-element_type=\"widget\" data-widget_type=\"text-editor.default\">\n\t\t\t\t<div class=\"elementor-widget-container\">\n\t\t\t\t\t\t\t\t<p style=\"text-align: center;\"><img loading=\"lazy\" decoding=\"async\" class=\"aligncenter size-full wp-image-5492\" src=\"https:\/\/munisanjuanermita.gob.gt\/wp-content\/uploads\/2023\/04\/06-unidad-de-administracion-evaluacion-de-riesgos-y-archivo.jpg\" alt=\"\" width=\"900\" height=\"600\" srcset=\"https:\/\/munisanjuanermita.gob.gt\/wp-content\/uploads\/2023\/04\/06-unidad-de-administracion-evaluacion-de-riesgos-y-archivo.jpg 900w, https:\/\/munisanjuanermita.gob.gt\/wp-content\/uploads\/2023\/04\/06-unidad-de-administracion-evaluacion-de-riesgos-y-archivo-300x200.jpg 300w\" sizes=\"auto, (max-width: 900px) 100vw, 900px\" \/><\/p><p><strong>UNIDAD DE ARCHIVO<\/strong><\/p><p style=\"text-align: justify;\">En la municipalidad de San Juan Ermita, departamento de Chiquimula, existen archivos en: Secretaria Municipal, Direcci\u00f3n de Administraci\u00f3n Financiera Integrada Municipal -DAFIM-, Direcci\u00f3n Municipal de Planificaci\u00f3n -DMP-, Direcci\u00f3n Municipal de la Mujer -DMM-, Oficina de Servicios P\u00fablicos Municipales -OSPM-, Juzgado de Asuntos Municipales -JAM- Unidad Municipal de Desarrollo Econ\u00f3mico Local, Unidad de Atenci\u00f3n al Vecino, la Unidad de la Administraci\u00f3n\u00a0 y Evaluaci\u00f3n de Riesgos y\u00a0 Direcci\u00f3n de Recursos Humanos. Teniendo como finalidad la funci\u00f3n que cada una de las unidades, oficinas y direcciones desarrolla con el cuidado de conjuntar toda la informaci\u00f3n relacionada con sus actividades, manteniendo los archivos de forma ordenada para facilitar la localizaci\u00f3n de estos, a efecto de que fluya la informaci\u00f3n y agilizar su obtenci\u00f3n. Sus sistemas de registro son los tradicionales y sus categor\u00edas de informaci\u00f3n podemos catalogarlas como de primera clase. A partir del veintiuno de abril del a\u00f1o dos mil nueve se cre\u00f3 la Unidad de Informaci\u00f3n P\u00fablica Municipal -UIPM-, instancia a la cual puede dirigirse cualquier usuario o interesado y solicitar verbal, correo electr\u00f3nico o por escrito la informaci\u00f3n que le sea de utilidad. A partir del a\u00f1o dos mil veintiuno existe la Unidad de Archivo Municipal, donde se maneja y protege la informaci\u00f3n de a\u00f1os anteriores de todas las dependencias de la municipalidad. No existe clasificaci\u00f3n de informaci\u00f3n declarada reservada.<\/p>\t\t\t\t\t\t<\/div>\n\t\t\t\t<\/div>\n\t\t\t\t\t<\/div>\n\t\t<\/div>\n\t\t\t\t\t\t\t<\/div>\n\t\t<\/section>\n\t\t\t\t\t\t<\/div>\n\t\t\t\t\t<\/div>\n\t\t","protected":false},"excerpt":{"rendered":"<p>UNIDAD DE ARCHIVO En la municipalidad de San Juan Ermita, departamento de Chiquimula, existen archivos en: Secretaria Municipal, Direcci\u00f3n de Administraci\u00f3n Financiera Integrada Municipal -DAFIM-, Direcci\u00f3n Municipal de Planificaci\u00f3n -DMP-, Direcci\u00f3n Municipal de la Mujer -DMM-, Oficina de Servicios P\u00fablicos Municipales -OSPM-, Juzgado de Asuntos Municipales -JAM- Unidad Municipal de Desarrollo Econ\u00f3mico Local, Unidad de [&hellip;]<\/p>\n","protected":false},"author":1,"featured_media":0,"parent":0,"menu_order":0,"comment_status":"closed","ping_status":"closed","template":"","meta":{"footnotes":""},"class_list":["post-5452","page","type-page","status-publish","hentry"],"_links":{"self":[{"href":"https:\/\/munisanjuanermita.gob.gt\/index.php\/wp-json\/wp\/v2\/pages\/5452","targetHints":{"allow":["GET"]}}],"collection":[{"href":"https:\/\/munisanjuanermita.gob.gt\/index.php\/wp-json\/wp\/v2\/pages"}],"about":[{"href":"https:\/\/munisanjuanermita.gob.gt\/index.php\/wp-json\/wp\/v2\/types\/page"}],"author":[{"embeddable":true,"href":"https:\/\/munisanjuanermita.gob.gt\/index.php\/wp-json\/wp\/v2\/users\/1"}],"replies":[{"embeddable":true,"href":"https:\/\/munisanjuanermita.gob.gt\/index.php\/wp-json\/wp\/v2\/comments?post=5452"}],"version-history":[{"count":24,"href":"https:\/\/munisanjuanermita.gob.gt\/index.php\/wp-json\/wp\/v2\/pages\/5452\/revisions"}],"predecessor-version":[{"id":7966,"href":"https:\/\/munisanjuanermita.gob.gt\/index.php\/wp-json\/wp\/v2\/pages\/5452\/revisions\/7966"}],"wp:attachment":[{"href":"https:\/\/munisanjuanermita.gob.gt\/index.php\/wp-json\/wp\/v2\/media?parent=5452"}],"curies":[{"name":"wp","href":"https:\/\/api.w.org\/{rel}","templated":true}]}}