{"id":5449,"date":"2023-04-11T13:59:22","date_gmt":"2023-04-11T13:59:22","guid":{"rendered":"https:\/\/munisanjuanermita.gob.gt\/?page_id=5449"},"modified":"2024-07-29T21:38:38","modified_gmt":"2024-07-29T21:38:38","slug":"servicios-publicos-y-servicios-generales","status":"publish","type":"page","link":"https:\/\/munisanjuanermita.gob.gt\/index.php\/servicios-publicos-y-servicios-generales\/","title":{"rendered":"SERVICIOS P\u00daBLICOS Y SERVICIOS GENERALES"},"content":{"rendered":"<p style=\"text-align: center;\"><img loading=\"lazy\" decoding=\"async\" class=\"aligncenter size-full wp-image-5489\" src=\"https:\/\/munisanjuanermita.gob.gt\/wp-content\/uploads\/2023\/04\/05-servicios-publicos-municipales-y-generales-A1.jpg\" alt=\"\" width=\"900\" height=\"600\" srcset=\"https:\/\/munisanjuanermita.gob.gt\/wp-content\/uploads\/2023\/04\/05-servicios-publicos-municipales-y-generales-A1.jpg 900w, https:\/\/munisanjuanermita.gob.gt\/wp-content\/uploads\/2023\/04\/05-servicios-publicos-municipales-y-generales-A1-300x200.jpg 300w\" sizes=\"auto, (max-width: 900px) 100vw, 900px\" \/><\/p>\n<p style=\"text-align: center;\"><img loading=\"lazy\" decoding=\"async\" class=\"aligncenter size-full wp-image-5490\" src=\"https:\/\/munisanjuanermita.gob.gt\/wp-content\/uploads\/2023\/04\/05-servicios-publicos-municipales-y-generales-a2.jpg\" alt=\"\" width=\"900\" height=\"600\" srcset=\"https:\/\/munisanjuanermita.gob.gt\/wp-content\/uploads\/2023\/04\/05-servicios-publicos-municipales-y-generales-a2.jpg 900w, https:\/\/munisanjuanermita.gob.gt\/wp-content\/uploads\/2023\/04\/05-servicios-publicos-municipales-y-generales-a2-300x200.jpg 300w\" sizes=\"auto, (max-width: 900px) 100vw, 900px\" \/> <img loading=\"lazy\" decoding=\"async\" class=\"aligncenter size-full wp-image-5491\" src=\"https:\/\/munisanjuanermita.gob.gt\/wp-content\/uploads\/2023\/04\/05-servicios-publicos-municipales-y-generales-a3.jpg\" alt=\"\" width=\"900\" height=\"600\" srcset=\"https:\/\/munisanjuanermita.gob.gt\/wp-content\/uploads\/2023\/04\/05-servicios-publicos-municipales-y-generales-a3.jpg 900w, https:\/\/munisanjuanermita.gob.gt\/wp-content\/uploads\/2023\/04\/05-servicios-publicos-municipales-y-generales-a3-300x200.jpg 300w\" sizes=\"auto, (max-width: 900px) 100vw, 900px\" \/><\/p>\n<p><strong>Servicios P\u00fablicos y Servicios Generales<\/strong><\/p>\n<p style=\"text-align: justify;\">La municipalidad de San Juan Ermita cuenta con la dependencia de Servicios P\u00fablicos Municipales y Generales, que es la instancia que trabaja en la coordinaci\u00f3n del recurso humano que se encarga de la prestaci\u00f3n de los servicios p\u00fablicos esenciales, as\u00ed como los no esenciales. Dentro de los servicios p\u00fablicos esenciales existen la dotaci\u00f3n de agua potable, el servicio de alcantarillado y drenaje, servicios de recolecci\u00f3n de basura y el ornato. Dentro de las actividades no esenciales esta dependencia tambi\u00e9n se encarga de arreglos menores de calles (bacheos), apoyo al Ministerio de Educaci\u00f3n trasladando la alimentaci\u00f3n que el Estado otorga a todos los estudiantes de las escuelas p\u00fablicas, entre otros servicios que pretenden alcanzar la realizaci\u00f3n del bien com\u00fan.<\/p>\n","protected":false},"excerpt":{"rendered":"<p>Servicios P\u00fablicos y Servicios Generales La municipalidad de San Juan Ermita cuenta con la dependencia de Servicios P\u00fablicos Municipales y Generales, que es la instancia que trabaja en la coordinaci\u00f3n del recurso humano que se encarga de la prestaci\u00f3n de los servicios p\u00fablicos esenciales, as\u00ed como los no esenciales. Dentro de los servicios p\u00fablicos esenciales [&hellip;]<\/p>\n","protected":false},"author":1,"featured_media":0,"parent":0,"menu_order":0,"comment_status":"closed","ping_status":"closed","template":"","meta":{"footnotes":""},"class_list":["post-5449","page","type-page","status-publish","hentry"],"_links":{"self":[{"href":"https:\/\/munisanjuanermita.gob.gt\/index.php\/wp-json\/wp\/v2\/pages\/5449","targetHints":{"allow":["GET"]}}],"collection":[{"href":"https:\/\/munisanjuanermita.gob.gt\/index.php\/wp-json\/wp\/v2\/pages"}],"about":[{"href":"https:\/\/munisanjuanermita.gob.gt\/index.php\/wp-json\/wp\/v2\/types\/page"}],"author":[{"embeddable":true,"href":"https:\/\/munisanjuanermita.gob.gt\/index.php\/wp-json\/wp\/v2\/users\/1"}],"replies":[{"embeddable":true,"href":"https:\/\/munisanjuanermita.gob.gt\/index.php\/wp-json\/wp\/v2\/comments?post=5449"}],"version-history":[{"count":4,"href":"https:\/\/munisanjuanermita.gob.gt\/index.php\/wp-json\/wp\/v2\/pages\/5449\/revisions"}],"predecessor-version":[{"id":7972,"href":"https:\/\/munisanjuanermita.gob.gt\/index.php\/wp-json\/wp\/v2\/pages\/5449\/revisions\/7972"}],"wp:attachment":[{"href":"https:\/\/munisanjuanermita.gob.gt\/index.php\/wp-json\/wp\/v2\/media?parent=5449"}],"curies":[{"name":"wp","href":"https:\/\/api.w.org\/{rel}","templated":true}]}}