{"id":5443,"date":"2023-04-10T23:01:46","date_gmt":"2023-04-10T23:01:46","guid":{"rendered":"https:\/\/munisanjuanermita.gob.gt\/?page_id=5443"},"modified":"2023-04-19T14:37:21","modified_gmt":"2023-04-19T14:37:21","slug":"direccion-municipal-de-planificacion-dmp","status":"publish","type":"page","link":"https:\/\/munisanjuanermita.gob.gt\/index.php\/direccion-municipal-de-planificacion-dmp\/","title":{"rendered":"Direcci\u00f3n Municipal de Planificaci\u00f3n (DMP)"},"content":{"rendered":"<p style=\"text-align: center;\"><img loading=\"lazy\" decoding=\"async\" class=\"aligncenter size-full wp-image-5486\" src=\"https:\/\/munisanjuanermita.gob.gt\/wp-content\/uploads\/2023\/04\/03-dmp.jpg\" alt=\"\" width=\"900\" height=\"600\" srcset=\"https:\/\/munisanjuanermita.gob.gt\/wp-content\/uploads\/2023\/04\/03-dmp.jpg 900w, https:\/\/munisanjuanermita.gob.gt\/wp-content\/uploads\/2023\/04\/03-dmp-300x200.jpg 300w\" sizes=\"auto, (max-width: 900px) 100vw, 900px\" \/><\/p>\n<p><strong>Direcci\u00f3n Municipal de Planificaci\u00f3n (DMP)<\/strong><\/p>\n<p style=\"text-align: justify;\">La municipalidad de San Juan Ermita, Departamento de Chiquimula cuenta con una Direcci\u00f3n Municipal de Planificaci\u00f3n la cual coordina y consolida los diagn\u00f3sticos, planes, programas y proyectos de desarrollo municipal, es la responsable de producir la informaci\u00f3n precisa y de calidad requerida para la formulaci\u00f3n y la gesti\u00f3n de las pol\u00edticas p\u00fablicas municipales.<\/p>\n<p style=\"text-align: justify;\">De acuerdo al art\u00edculo 96 del C\u00f3digo Municipal sus funciones son las siguientes: Cumplir y ejecutar las decisiones del Concejo Municipal en lo correspondiente a su responsabilidad y atribuciones espec\u00edficas; Elaborar los perfiles, estudios de pre inversi\u00f3n y factibilidad de los proyectos para el desarrollo del municipio, a partir de las necesidades sentidas y priorizadas;\u00a0 Mantener actualizadas las estad\u00edsticas socioecon\u00f3micas del municipio, incluyendo la informaci\u00f3n geogr\u00e1fica de ordenamiento territorial y de recursos naturales;\u00a0 Mantener actualizado el registro de necesidades identificadas y priorizadas, y de los planes, programas y proyectos en sus fases de perfil, factibilidad, negociaci\u00f3n y ejecuci\u00f3n; Mantener un inventario permanente de la infraestructura social y productiva con que cuenta cada centro poblado, as\u00ed como de la cobertura de los servicios p\u00fablicos de los que gozan \u00e9stos;\u00a0 Asesorar al Concejo Municipal y al Alcalde en sus relaciones con las entidades de desarrollo p\u00fablicas y privadas; Suministrar la informaci\u00f3n que le sea requerida por las autoridades municipales u otros interesados, con base a los registros existentes; y, Mantener actualizado el catastro municipal.<\/p>\n","protected":false},"excerpt":{"rendered":"<p>Direcci\u00f3n Municipal de Planificaci\u00f3n (DMP) La municipalidad de San Juan Ermita, Departamento de Chiquimula cuenta con una Direcci\u00f3n Municipal de Planificaci\u00f3n la cual coordina y consolida los diagn\u00f3sticos, planes, programas y proyectos de desarrollo municipal, es la responsable de producir la informaci\u00f3n precisa y de calidad requerida para la formulaci\u00f3n y la gesti\u00f3n de las [&hellip;]<\/p>\n","protected":false},"author":1,"featured_media":0,"parent":0,"menu_order":0,"comment_status":"closed","ping_status":"closed","template":"","meta":{"footnotes":""},"class_list":["post-5443","page","type-page","status-publish","hentry"],"_links":{"self":[{"href":"https:\/\/munisanjuanermita.gob.gt\/index.php\/wp-json\/wp\/v2\/pages\/5443","targetHints":{"allow":["GET"]}}],"collection":[{"href":"https:\/\/munisanjuanermita.gob.gt\/index.php\/wp-json\/wp\/v2\/pages"}],"about":[{"href":"https:\/\/munisanjuanermita.gob.gt\/index.php\/wp-json\/wp\/v2\/types\/page"}],"author":[{"embeddable":true,"href":"https:\/\/munisanjuanermita.gob.gt\/index.php\/wp-json\/wp\/v2\/users\/1"}],"replies":[{"embeddable":true,"href":"https:\/\/munisanjuanermita.gob.gt\/index.php\/wp-json\/wp\/v2\/comments?post=5443"}],"version-history":[{"count":2,"href":"https:\/\/munisanjuanermita.gob.gt\/index.php\/wp-json\/wp\/v2\/pages\/5443\/revisions"}],"predecessor-version":[{"id":5504,"href":"https:\/\/munisanjuanermita.gob.gt\/index.php\/wp-json\/wp\/v2\/pages\/5443\/revisions\/5504"}],"wp:attachment":[{"href":"https:\/\/munisanjuanermita.gob.gt\/index.php\/wp-json\/wp\/v2\/media?parent=5443"}],"curies":[{"name":"wp","href":"https:\/\/api.w.org\/{rel}","templated":true}]}}