{"id":5437,"date":"2023-04-10T22:52:56","date_gmt":"2023-04-10T22:52:56","guid":{"rendered":"https:\/\/munisanjuanermita.gob.gt\/?page_id=5437"},"modified":"2023-04-19T14:35:06","modified_gmt":"2023-04-19T14:35:06","slug":"unidad-de-compras-adquisiciones-y-contrataciones","status":"publish","type":"page","link":"https:\/\/munisanjuanermita.gob.gt\/index.php\/unidad-de-compras-adquisiciones-y-contrataciones\/","title":{"rendered":"Unidad de Compras, Adquisiciones y Contrataciones"},"content":{"rendered":"<p style=\"text-align: center;\"><img loading=\"lazy\" decoding=\"async\" class=\"aligncenter size-full wp-image-5485\" src=\"https:\/\/munisanjuanermita.gob.gt\/wp-content\/uploads\/2023\/04\/02-compras-adquisiciones-y-contrataciones.jpg\" alt=\"\" width=\"900\" height=\"600\" srcset=\"https:\/\/munisanjuanermita.gob.gt\/wp-content\/uploads\/2023\/04\/02-compras-adquisiciones-y-contrataciones.jpg 900w, https:\/\/munisanjuanermita.gob.gt\/wp-content\/uploads\/2023\/04\/02-compras-adquisiciones-y-contrataciones-300x200.jpg 300w\" sizes=\"auto, (max-width: 900px) 100vw, 900px\" \/><\/p>\n<p><strong>Unidad de Compras, Adquisiciones y Contrataciones<\/strong><\/p>\n<p style=\"text-align: justify;\">Es la unidad encargada de realizar compras y contrataciones de bienes, suministros, obras y servicios para el cumplimiento de las respectivas responsabilidades de la administraci\u00f3n p\u00fablica, la cual a trav\u00e9s de quienes la dirigen y haciendo uso de los mecanismos legalmente establecidos, aprueban los instrumentos p\u00fablicos para la contrataci\u00f3n y adquisici\u00f3n de proyectos, bienes y servicios tendientes a mejorar la calidad de vida de los vecinos. Sus actividades est\u00e1n \u00edntimamente vinculadas al logro de los objetivos de la municipalidad por medio de estrategias que se encuentran plasmadas en el Plan Operativo Anual (POA), el cual sirve de base para la elaboraci\u00f3n del Presupuesto de Ingresos y Egresos de cada ejercicio fiscal, de donde se desprende la Programaci\u00f3n Anual de Compras (PAC). Las compras y contrataciones de la Municipalidad se realizan y quedan registradas en el Sistema de Informaci\u00f3n de Contrataciones y Adquisiciones del Estado-GUATECOMPRAS-, Sistema de Contabilidad Integrada de Gobiernos Locales -SICOIN GL, todo ello fiscalizado por la Contralor\u00eda General de Cuentas.<\/p>\n<p style=\"text-align: justify;\">Los procedimientos para cada modalidad de compra siguen las directrices establecidas en el Decreto 57-92, ya sea por cotizaci\u00f3n, licitaci\u00f3n, compras directas con oferta electr\u00f3nica y las otras formas.<\/p>\n","protected":false},"excerpt":{"rendered":"<p>Unidad de Compras, Adquisiciones y Contrataciones Es la unidad encargada de realizar compras y contrataciones de bienes, suministros, obras y servicios para el cumplimiento de las respectivas responsabilidades de la administraci\u00f3n p\u00fablica, la cual a trav\u00e9s de quienes la dirigen y haciendo uso de los mecanismos legalmente establecidos, aprueban los instrumentos p\u00fablicos para la contrataci\u00f3n [&hellip;]<\/p>\n","protected":false},"author":1,"featured_media":0,"parent":0,"menu_order":0,"comment_status":"closed","ping_status":"closed","template":"","meta":{"footnotes":""},"class_list":["post-5437","page","type-page","status-publish","hentry"],"_links":{"self":[{"href":"https:\/\/munisanjuanermita.gob.gt\/index.php\/wp-json\/wp\/v2\/pages\/5437","targetHints":{"allow":["GET"]}}],"collection":[{"href":"https:\/\/munisanjuanermita.gob.gt\/index.php\/wp-json\/wp\/v2\/pages"}],"about":[{"href":"https:\/\/munisanjuanermita.gob.gt\/index.php\/wp-json\/wp\/v2\/types\/page"}],"author":[{"embeddable":true,"href":"https:\/\/munisanjuanermita.gob.gt\/index.php\/wp-json\/wp\/v2\/users\/1"}],"replies":[{"embeddable":true,"href":"https:\/\/munisanjuanermita.gob.gt\/index.php\/wp-json\/wp\/v2\/comments?post=5437"}],"version-history":[{"count":3,"href":"https:\/\/munisanjuanermita.gob.gt\/index.php\/wp-json\/wp\/v2\/pages\/5437\/revisions"}],"predecessor-version":[{"id":5503,"href":"https:\/\/munisanjuanermita.gob.gt\/index.php\/wp-json\/wp\/v2\/pages\/5437\/revisions\/5503"}],"wp:attachment":[{"href":"https:\/\/munisanjuanermita.gob.gt\/index.php\/wp-json\/wp\/v2\/media?parent=5437"}],"curies":[{"name":"wp","href":"https:\/\/api.w.org\/{rel}","templated":true}]}}