{"id":5434,"date":"2023-04-10T22:49:44","date_gmt":"2023-04-10T22:49:44","guid":{"rendered":"https:\/\/munisanjuanermita.gob.gt\/?page_id=5434"},"modified":"2024-07-25T17:01:40","modified_gmt":"2024-07-25T17:01:40","slug":"dafim","status":"publish","type":"page","link":"https:\/\/munisanjuanermita.gob.gt\/index.php\/dafim\/","title":{"rendered":"Direcci\u00f3n de Administraci\u00f3n Financiera Integrada Municipal (DAFIM)"},"content":{"rendered":"\t\t<div data-elementor-type=\"wp-page\" data-elementor-id=\"5434\" class=\"elementor elementor-5434\" data-elementor-settings=\"[]\">\n\t\t\t\t\t\t\t<div class=\"elementor-section-wrap\">\n\t\t\t\t\t\t\t<section class=\"elementor-section elementor-top-section elementor-element elementor-element-36221c5 elementor-section-boxed elementor-section-height-default elementor-section-height-default\" data-id=\"36221c5\" data-element_type=\"section\">\n\t\t\t\t\t\t<div class=\"elementor-container elementor-column-gap-default\">\n\t\t\t\t\t<div class=\"elementor-column elementor-col-100 elementor-top-column elementor-element elementor-element-2ccd8875\" data-id=\"2ccd8875\" data-element_type=\"column\">\n\t\t\t<div class=\"elementor-widget-wrap elementor-element-populated\">\n\t\t\t\t\t\t\t\t<div class=\"elementor-element elementor-element-66acec8 elementor-widget elementor-widget-text-editor\" data-id=\"66acec8\" data-element_type=\"widget\" data-widget_type=\"text-editor.default\">\n\t\t\t\t<div class=\"elementor-widget-container\">\n\t\t\t\t\t\t\t\t<p style=\"text-align: center;\"><img loading=\"lazy\" decoding=\"async\" class=\"aligncenter size-full wp-image-5484\" src=\"https:\/\/munisanjuanermita.gob.gt\/wp-content\/uploads\/2023\/04\/01-dafim.jpg\" alt=\"\" width=\"900\" height=\"600\" srcset=\"https:\/\/munisanjuanermita.gob.gt\/wp-content\/uploads\/2023\/04\/01-dafim.jpg 900w, https:\/\/munisanjuanermita.gob.gt\/wp-content\/uploads\/2023\/04\/01-dafim-300x200.jpg 300w\" sizes=\"auto, (max-width: 900px) 100vw, 900px\" \/><\/p><p><strong>Direcci\u00f3n de la Administraci\u00f3n Financiera Integrada Municipal (DAFIM)<\/strong><\/p><p style=\"text-align: justify;\">La Direcci\u00f3n de Administraci\u00f3n Financiera es una de las m\u00e1s importante dentro de la organizaci\u00f3n Municipal, para efectos de cumplir y hacer cumplir todo lo relativo al r\u00e9gimen jur\u00eddico financiero del municipio, la recaudaci\u00f3n y administraci\u00f3n de los ingresos municipales, la gesti\u00f3n de financiamiento, la ejecuci\u00f3n presupuestaria y control de los bienes comunales y patrimoniales del Municipio.\u00a0 Como Direcci\u00f3n se tiene conformadas las unidades con funciones espec\u00edficas de: Encargada de Tesorer\u00eda, Receptor\u00eda Municipal, Encargado de Contabilidad y Planillas, Encargado de Almac\u00e9n, Encargado de Presupuesto, Auxiliar de cobros e Inventarios, asesorados y fiscalizados por el Auditor Interno, Contralor\u00eda General de Cuentas, Comisi\u00f3n de Finanzas del Concejo Municipal y Auditoria Social.<\/p><p style=\"text-align: justify;\">El Marco Operativo y de Gesti\u00f3n, hace referencia a los procedimientos, que, basados en el concepto, son aplicados en el Sistema Integrado de Administraci\u00f3n Financiera Vigente.<\/p><p>\n<div class=\"wpcf7 no-js\" id=\"wpcf7-f5522-o1\" lang=\"es-ES\" dir=\"ltr\">\n<div class=\"screen-reader-response\"><p role=\"status\" aria-live=\"polite\" aria-atomic=\"true\"><\/p> <ul><\/ul><\/div>\n<form action=\"\/index.php\/wp-json\/wp\/v2\/pages\/5434#wpcf7-f5522-o1\" method=\"post\" class=\"wpcf7-form init\" aria-label=\"Formulario de contacto\" novalidate=\"novalidate\" data-status=\"init\">\n<div style=\"display: none;\">\n<input type=\"hidden\" name=\"_wpcf7\" value=\"5522\" \/>\n<input type=\"hidden\" name=\"_wpcf7_version\" value=\"5.7.5.1\" \/>\n<input type=\"hidden\" name=\"_wpcf7_locale\" value=\"es_ES\" \/>\n<input type=\"hidden\" name=\"_wpcf7_unit_tag\" value=\"wpcf7-f5522-o1\" \/>\n<input type=\"hidden\" name=\"_wpcf7_container_post\" value=\"0\" \/>\n<input type=\"hidden\" name=\"_wpcf7_posted_data_hash\" value=\"\" \/>\n<\/div>\n<p><label> Tu nombre<br \/>\n<span class=\"wpcf7-form-control-wrap\" data-name=\"your-name\"><input size=\"40\" class=\"wpcf7-form-control wpcf7-text wpcf7-validates-as-required\" autocomplete=\"name\" aria-required=\"true\" aria-invalid=\"false\" value=\"\" type=\"text\" name=\"your-name\" \/><\/span> <\/label>\n<\/p>\n<p><label> Tu correo electr\u00f3nico<br \/>\n<span class=\"wpcf7-form-control-wrap\" data-name=\"your-email\"><input size=\"40\" class=\"wpcf7-form-control wpcf7-text wpcf7-email wpcf7-validates-as-required wpcf7-validates-as-email\" autocomplete=\"email\" aria-required=\"true\" aria-invalid=\"false\" value=\"\" type=\"email\" name=\"your-email\" \/><\/span> <\/label>\n<\/p>\n<p><label> Asunto<br \/>\n<span class=\"wpcf7-form-control-wrap\" data-name=\"your-subject\"><input size=\"40\" class=\"wpcf7-form-control wpcf7-text wpcf7-validates-as-required\" aria-required=\"true\" aria-invalid=\"false\" value=\"\" type=\"text\" name=\"your-subject\" \/><\/span> <\/label>\n<\/p>\n<p><label> Tu mensaje (opcional)<br \/>\n<span class=\"wpcf7-form-control-wrap\" data-name=\"your-message\"><textarea cols=\"40\" rows=\"10\" class=\"wpcf7-form-control wpcf7-textarea\" aria-invalid=\"false\" name=\"your-message\"><\/textarea><\/span> <\/label>\n<\/p>\n<p><input class=\"wpcf7-form-control has-spinner wpcf7-submit\" type=\"submit\" value=\"Enviar\" \/>\n<\/p><div class=\"wpcf7-response-output\" aria-hidden=\"true\"><\/div>\n<\/form>\n<\/div>\n<\/p>\t\t\t\t\t\t<\/div>\n\t\t\t\t<\/div>\n\t\t\t\t\t<\/div>\n\t\t<\/div>\n\t\t\t\t\t\t\t<\/div>\n\t\t<\/section>\n\t\t\t\t\t\t<\/div>\n\t\t\t\t\t<\/div>\n\t\t","protected":false},"excerpt":{"rendered":"<p>Direcci\u00f3n de la Administraci\u00f3n Financiera Integrada Municipal (DAFIM) La Direcci\u00f3n de Administraci\u00f3n Financiera es una de las m\u00e1s importante dentro de la organizaci\u00f3n Municipal, para efectos de cumplir y hacer cumplir todo lo relativo al r\u00e9gimen jur\u00eddico financiero del municipio, la recaudaci\u00f3n y administraci\u00f3n de los ingresos municipales, la gesti\u00f3n de financiamiento, la ejecuci\u00f3n presupuestaria [&hellip;]<\/p>\n","protected":false},"author":1,"featured_media":0,"parent":0,"menu_order":0,"comment_status":"closed","ping_status":"closed","template":"","meta":{"footnotes":""},"class_list":["post-5434","page","type-page","status-publish","hentry"],"_links":{"self":[{"href":"https:\/\/munisanjuanermita.gob.gt\/index.php\/wp-json\/wp\/v2\/pages\/5434","targetHints":{"allow":["GET"]}}],"collection":[{"href":"https:\/\/munisanjuanermita.gob.gt\/index.php\/wp-json\/wp\/v2\/pages"}],"about":[{"href":"https:\/\/munisanjuanermita.gob.gt\/index.php\/wp-json\/wp\/v2\/types\/page"}],"author":[{"embeddable":true,"href":"https:\/\/munisanjuanermita.gob.gt\/index.php\/wp-json\/wp\/v2\/users\/1"}],"replies":[{"embeddable":true,"href":"https:\/\/munisanjuanermita.gob.gt\/index.php\/wp-json\/wp\/v2\/comments?post=5434"}],"version-history":[{"count":9,"href":"https:\/\/munisanjuanermita.gob.gt\/index.php\/wp-json\/wp\/v2\/pages\/5434\/revisions"}],"predecessor-version":[{"id":7964,"href":"https:\/\/munisanjuanermita.gob.gt\/index.php\/wp-json\/wp\/v2\/pages\/5434\/revisions\/7964"}],"wp:attachment":[{"href":"https:\/\/munisanjuanermita.gob.gt\/index.php\/wp-json\/wp\/v2\/media?parent=5434"}],"curies":[{"name":"wp","href":"https:\/\/api.w.org\/{rel}","templated":true}]}}