{"id":5231,"date":"2023-03-23T19:17:53","date_gmt":"2023-03-23T19:17:53","guid":{"rendered":"https:\/\/munisanjuanermita.gob.gt\/?page_id=5231"},"modified":"2024-07-29T19:25:35","modified_gmt":"2024-07-29T19:25:35","slug":"secretaria-municipal","status":"publish","type":"page","link":"https:\/\/munisanjuanermita.gob.gt\/index.php\/secretaria-municipal\/","title":{"rendered":"SECRETAR\u00cdA MUNICIPAL"},"content":{"rendered":"<p><img loading=\"lazy\" decoding=\"async\" src=\"https:\/\/munisanjuanermita.gob.gt\/wp-content\/uploads\/2023\/03\/secretaria-municipal-2023-01.jpg\" sizes=\"auto, (max-width: 1120px) 100vw, 1120px\" srcset=\"https:\/\/munisanjuanermita.gob.gt\/wp-content\/uploads\/2023\/03\/secretaria-municipal-2023-01.jpg 1120w, https:\/\/munisanjuanermita.gob.gt\/wp-content\/uploads\/2023\/03\/secretaria-municipal-2023-01-300x200.jpg 300w, https:\/\/munisanjuanermita.gob.gt\/wp-content\/uploads\/2023\/03\/secretaria-municipal-2023-01-1024x683.jpg 1024w\" alt=\"\" width=\"1120\" height=\"747\" \/><\/p>\n<p style=\"text-align: justify;\">Es la encargada de dirigir y ejecutar las funciones de la administraci\u00f3n, as\u00ed como velar por el buen funcionamiento de dicha instancia. Cuenta con un secretario municipal quien adem\u00e1s de dirigir los asuntos del Concejo municipal, tambi\u00e9n maneja los asuntos de alcald\u00eda y es el secretario del Concejo Municipal de Desarrollo. Cuenta con dos oficiales, quienes le apoyan en la redacci\u00f3n, archivo y cuidado de la documentaci\u00f3n legal de la municipalidad, a esta dependencia municipal tambi\u00e9n pertenece la Unidad de Acceso de Informaci\u00f3n P\u00fablica y tiene coordinaci\u00f3n con todas las oficinas, unidades y direcciones municipales. Esta dependencia es dirigida por el Secretario Municipal el cual es nombrado por el Concejo Municipal y dentro de sus atribuciones legales se enumeran las siguientes: Elaborar, en los libros correspondientes, las actas de las sesiones del Concejo Municipal y autorizarlas, con su firma, al ser aprobadas de conformidad con lo dispuesto en este C\u00f3digo; Certificar las actas y resoluciones del alcalde o del Concejo Municipal; Dirigir y ordenar los trabajos de la Secretar\u00eda, bajo la dependencia inmediata del alcalde, cuidando que los empleados cumplan sus obligaciones legales y reglamentarias; Redactar la memoria anual de labores y presentarla al Concejo Municipal, durante la primera quincena del mes de enero de cada a\u00f1o, remitiendo ejemplares de ella al Organismo Ejecutivo, al Congreso de la Rep\u00fablica y al Concejo Municipal de Desarrollo y a los medios de comunicaci\u00f3n a su alcance; Asistir a todas las sesiones del Concejo Municipal, con voz informativa, pero sin voto, d\u00e1ndole cuenta de los expedientes, diligencias y dem\u00e1s asuntos, en el orden y forma que indique el alcalde; Archivar las certificaciones de las actas de cada sesi\u00f3n del Concejo Municipal; Recolectar, archivar y conservar todos los n\u00fameros del diario oficial; Organizar, ordenar y mantener el archivo de la municipalidad; Desempe\u00f1a cualquier otra funci\u00f3n que le sea asignada por el Concejo Municipal o por el alcalde.<\/p>\n","protected":false},"excerpt":{"rendered":"<p>Es la encargada de dirigir y ejecutar las funciones de la administraci\u00f3n, as\u00ed como velar por el buen funcionamiento de dicha instancia. Cuenta con un secretario municipal quien adem\u00e1s de dirigir los asuntos del Concejo municipal, tambi\u00e9n maneja los asuntos de alcald\u00eda y es el secretario del Concejo Municipal de Desarrollo. Cuenta con dos oficiales, [&hellip;]<\/p>\n","protected":false},"author":1,"featured_media":0,"parent":0,"menu_order":0,"comment_status":"closed","ping_status":"closed","template":"","meta":{"footnotes":""},"class_list":["post-5231","page","type-page","status-publish","hentry"],"_links":{"self":[{"href":"https:\/\/munisanjuanermita.gob.gt\/index.php\/wp-json\/wp\/v2\/pages\/5231","targetHints":{"allow":["GET"]}}],"collection":[{"href":"https:\/\/munisanjuanermita.gob.gt\/index.php\/wp-json\/wp\/v2\/pages"}],"about":[{"href":"https:\/\/munisanjuanermita.gob.gt\/index.php\/wp-json\/wp\/v2\/types\/page"}],"author":[{"embeddable":true,"href":"https:\/\/munisanjuanermita.gob.gt\/index.php\/wp-json\/wp\/v2\/users\/1"}],"replies":[{"embeddable":true,"href":"https:\/\/munisanjuanermita.gob.gt\/index.php\/wp-json\/wp\/v2\/comments?post=5231"}],"version-history":[{"count":8,"href":"https:\/\/munisanjuanermita.gob.gt\/index.php\/wp-json\/wp\/v2\/pages\/5231\/revisions"}],"predecessor-version":[{"id":7963,"href":"https:\/\/munisanjuanermita.gob.gt\/index.php\/wp-json\/wp\/v2\/pages\/5231\/revisions\/7963"}],"wp:attachment":[{"href":"https:\/\/munisanjuanermita.gob.gt\/index.php\/wp-json\/wp\/v2\/media?parent=5231"}],"curies":[{"name":"wp","href":"https:\/\/api.w.org\/{rel}","templated":true}]}}