{"id":5088,"date":"2023-02-21T16:45:28","date_gmt":"2023-02-21T16:45:28","guid":{"rendered":"https:\/\/munisanjuanermita.gob.gt\/?page_id=5088"},"modified":"2024-08-16T17:25:23","modified_gmt":"2024-08-16T17:25:23","slug":"concejo-municipal","status":"publish","type":"page","link":"https:\/\/munisanjuanermita.gob.gt\/index.php\/concejo-municipal\/","title":{"rendered":"CONCEJO MUNICIPAL"},"content":{"rendered":"\t\t<div data-elementor-type=\"wp-page\" data-elementor-id=\"5088\" class=\"elementor elementor-5088\" data-elementor-settings=\"[]\">\n\t\t\t\t\t\t\t<div class=\"elementor-section-wrap\">\n\t\t\t\t\t\t\t<section class=\"elementor-section elementor-top-section elementor-element elementor-element-290f316 elementor-section-boxed elementor-section-height-default elementor-section-height-default\" data-id=\"290f316\" data-element_type=\"section\">\n\t\t\t\t\t\t<div class=\"elementor-container elementor-column-gap-default\">\n\t\t\t\t\t<div class=\"elementor-column elementor-col-100 elementor-top-column elementor-element elementor-element-f476990\" data-id=\"f476990\" data-element_type=\"column\">\n\t\t\t<div class=\"elementor-widget-wrap elementor-element-populated\">\n\t\t\t\t\t\t\t\t<div class=\"elementor-element elementor-element-f3c6625 elementor-widget elementor-widget-image\" data-id=\"f3c6625\" data-element_type=\"widget\" data-widget_type=\"image.default\">\n\t\t\t\t<div class=\"elementor-widget-container\">\n\t\t\t\t\t\t\t\t\t\t\t\t\t\t\t<img loading=\"lazy\" decoding=\"async\" width=\"2560\" height=\"1707\" src=\"https:\/\/munisanjuanermita.gob.gt\/wp-content\/uploads\/2024\/08\/5-min-scaled.jpg\" class=\"attachment-full size-full\" alt=\"\" srcset=\"https:\/\/munisanjuanermita.gob.gt\/wp-content\/uploads\/2024\/08\/5-min-scaled.jpg 2560w, https:\/\/munisanjuanermita.gob.gt\/wp-content\/uploads\/2024\/08\/5-min-300x200.jpg 300w, https:\/\/munisanjuanermita.gob.gt\/wp-content\/uploads\/2024\/08\/5-min-1024x683.jpg 1024w, https:\/\/munisanjuanermita.gob.gt\/wp-content\/uploads\/2024\/08\/5-min-1536x1024.jpg 1536w, https:\/\/munisanjuanermita.gob.gt\/wp-content\/uploads\/2024\/08\/5-min-2048x1365.jpg 2048w\" sizes=\"auto, (max-width: 2560px) 100vw, 2560px\" \/>\t\t\t\t\t\t\t\t\t\t\t\t\t\t\t<\/div>\n\t\t\t\t<\/div>\n\t\t\t\t\t<\/div>\n\t\t<\/div>\n\t\t\t\t\t\t\t<\/div>\n\t\t<\/section>\n\t\t\t\t<section class=\"elementor-section elementor-top-section elementor-element elementor-element-66f8a1cd elementor-section-boxed elementor-section-height-default elementor-section-height-default\" data-id=\"66f8a1cd\" data-element_type=\"section\">\n\t\t\t\t\t\t<div class=\"elementor-container elementor-column-gap-default\">\n\t\t\t\t\t<div class=\"elementor-column elementor-col-100 elementor-top-column elementor-element elementor-element-4491ecd9\" data-id=\"4491ecd9\" data-element_type=\"column\">\n\t\t\t<div class=\"elementor-widget-wrap elementor-element-populated\">\n\t\t\t\t\t\t\t\t<div class=\"elementor-element elementor-element-2c0f055b elementor-widget elementor-widget-text-editor\" data-id=\"2c0f055b\" data-element_type=\"widget\" data-widget_type=\"text-editor.default\">\n\t\t\t\t<div class=\"elementor-widget-container\">\n\t\t\t\t\t\t\t\t<p style=\"text-align: justify;\">El Concejo municipal es al que le corresponde el ejercicio del Gobierno y de la autonom\u00eda municipal, velar por la integridad de su patrimonio garantizar sus intereses con base en los valores, cultura y necesidades planteadas por los vecinos conforme a la disponibilidad de recursos. Es un cuerpo colegiado que tiene como una de sus atribuciones principales conocer sobre las necesidades de la poblaci\u00f3n las cuales llegan a la municipalidad a trav\u00e9s de diferentes medios espec\u00edficamente por las oficinas de Servicios P\u00fablicos y la Direcci\u00f3n Municipal de Planificaci\u00f3n. Tambi\u00e9n dentro de sus atribuciones est\u00e1 la de conocer, analizar, discutir y deliberar sobre los asuntos de la administraci\u00f3n p\u00fablica, de acuerdo con lo que emana de las diferentes dependencias municipales, para luego deliberar en sesi\u00f3n p\u00fablica ordinaria o extraordinaria las acciones que se deben tomar para encontrar soluciones tanto a las necesidades de la poblaci\u00f3n, como a las necesidades de la administraci\u00f3n p\u00fablica. Se rige por lo que emana de la Constituci\u00f3n Pol\u00edtica de la Rep\u00fablica de Guatemala, el C\u00f3digo Municipal y otras leyes pertinentes. El Concejo municipal para el desarrollo efectivo de sus funciones se organizan comisiones con el fin de realizar estudios y emitir dict\u00e1menes relacionados a las necesidades de la poblaci\u00f3n las mismas se organizan a principio de a\u00f1o y entre las exigidas por la ley existen las siguientes: Educaci\u00f3n, educaci\u00f3n biling\u00fce intercultural, cultura y deportes; Salud y asistencia social; Servicios, infraestructura, ordenamiento territorial, urbanismo y vivienda; Fomento econ\u00f3mico, turismo, ambiente y recursos naturales; Descentralizaci\u00f3n, fortalecimiento municipal y participaci\u00f3n ciudadana; De finanzas; De probidad; De los derechos humanos y de la paz; De la familia, la mujer, la ni\u00f1ez, la juventud, adulto mayor o cualquier otra formada proyecci\u00f3n social; todas las municipalidades deben reconocer, del monto de ingresos recibidos del situado constitucional un monto no menor del 0.5% para esta Comisi\u00f3n, del Municipio respectivo.<\/p>\t\t\t\t\t\t<\/div>\n\t\t\t\t<\/div>\n\t\t\t\t\t<\/div>\n\t\t<\/div>\n\t\t\t\t\t\t\t<\/div>\n\t\t<\/section>\n\t\t\t\t\t\t<\/div>\n\t\t\t\t\t<\/div>\n\t\t","protected":false},"excerpt":{"rendered":"<p>El Concejo municipal es al que le corresponde el ejercicio del Gobierno y de la autonom\u00eda municipal, velar por la integridad de su patrimonio garantizar sus intereses con base en los valores, cultura y necesidades planteadas por los vecinos conforme a la disponibilidad de recursos. Es un cuerpo colegiado que tiene como una de sus [&hellip;]<\/p>\n","protected":false},"author":1,"featured_media":0,"parent":0,"menu_order":0,"comment_status":"closed","ping_status":"closed","template":"","meta":{"footnotes":""},"class_list":["post-5088","page","type-page","status-publish","hentry"],"_links":{"self":[{"href":"https:\/\/munisanjuanermita.gob.gt\/index.php\/wp-json\/wp\/v2\/pages\/5088","targetHints":{"allow":["GET"]}}],"collection":[{"href":"https:\/\/munisanjuanermita.gob.gt\/index.php\/wp-json\/wp\/v2\/pages"}],"about":[{"href":"https:\/\/munisanjuanermita.gob.gt\/index.php\/wp-json\/wp\/v2\/types\/page"}],"author":[{"embeddable":true,"href":"https:\/\/munisanjuanermita.gob.gt\/index.php\/wp-json\/wp\/v2\/users\/1"}],"replies":[{"embeddable":true,"href":"https:\/\/munisanjuanermita.gob.gt\/index.php\/wp-json\/wp\/v2\/comments?post=5088"}],"version-history":[{"count":15,"href":"https:\/\/munisanjuanermita.gob.gt\/index.php\/wp-json\/wp\/v2\/pages\/5088\/revisions"}],"predecessor-version":[{"id":8124,"href":"https:\/\/munisanjuanermita.gob.gt\/index.php\/wp-json\/wp\/v2\/pages\/5088\/revisions\/8124"}],"wp:attachment":[{"href":"https:\/\/munisanjuanermita.gob.gt\/index.php\/wp-json\/wp\/v2\/media?parent=5088"}],"curies":[{"name":"wp","href":"https:\/\/api.w.org\/{rel}","templated":true}]}}