{"id":3178,"date":"2021-07-15T16:56:13","date_gmt":"2021-07-15T16:56:13","guid":{"rendered":"https:\/\/munisanjuanermita.gob.gt\/?page_id=3178"},"modified":"2024-08-16T17:22:16","modified_gmt":"2024-08-16T17:22:16","slug":"alcaldia-municipal","status":"publish","type":"page","link":"https:\/\/munisanjuanermita.gob.gt\/index.php\/alcaldia-municipal\/","title":{"rendered":"ALCALD\u00cdA MUNICIPAL"},"content":{"rendered":"\t\t<div data-elementor-type=\"wp-page\" data-elementor-id=\"3178\" class=\"elementor elementor-3178\" data-elementor-settings=\"[]\">\n\t\t\t\t\t\t\t<div class=\"elementor-section-wrap\">\n\t\t\t\t\t\t\t<section class=\"elementor-section elementor-top-section elementor-element elementor-element-f6ccc0a elementor-section-boxed elementor-section-height-default elementor-section-height-default\" data-id=\"f6ccc0a\" data-element_type=\"section\" data-settings=\"{&quot;motion_fx_motion_fx_scrolling&quot;:&quot;yes&quot;,&quot;motion_fx_translateY_effect&quot;:&quot;yes&quot;,&quot;motion_fx_translateY_direction&quot;:&quot;negative&quot;,&quot;motion_fx_translateY_speed&quot;:{&quot;unit&quot;:&quot;px&quot;,&quot;size&quot;:4,&quot;sizes&quot;:[]},&quot;motion_fx_translateY_affectedRange&quot;:{&quot;unit&quot;:&quot;%&quot;,&quot;size&quot;:&quot;&quot;,&quot;sizes&quot;:{&quot;start&quot;:0,&quot;end&quot;:100}},&quot;motion_fx_devices&quot;:[&quot;desktop&quot;,&quot;tablet&quot;,&quot;mobile&quot;]}\">\n\t\t\t\t\t\t<div class=\"elementor-container elementor-column-gap-default\">\n\t\t\t\t\t<div class=\"elementor-column elementor-col-100 elementor-top-column elementor-element elementor-element-9f61ac9\" data-id=\"9f61ac9\" data-element_type=\"column\">\n\t\t\t<div class=\"elementor-widget-wrap elementor-element-populated\">\n\t\t\t\t\t\t\t\t<div class=\"elementor-element elementor-element-59acf06 elementor-invisible elementor-widget elementor-widget-image\" data-id=\"59acf06\" data-element_type=\"widget\" data-settings=\"{&quot;_animation&quot;:&quot;fadeIn&quot;}\" data-widget_type=\"image.default\">\n\t\t\t\t<div class=\"elementor-widget-container\">\n\t\t\t\t\t\t\t\t\t\t\t\t\t\t\t<img decoding=\"async\" src=\"https:\/\/munisanjuanermita.gob.gt\/wp-content\/uploads\/elementor\/thumbs\/2-min-scaled-qspcih85h6sxdqzjpva2nr8qm32rs9dd5v6sk9rqmg.jpg\" title=\"2-min\" alt=\"2-min\" class=\"elementor-animation-grow\" \/>\t\t\t\t\t\t\t\t\t\t\t\t\t\t\t<\/div>\n\t\t\t\t<\/div>\n\t\t\t\t\t<\/div>\n\t\t<\/div>\n\t\t\t\t\t\t\t<\/div>\n\t\t<\/section>\n\t\t\t\t<section class=\"elementor-section elementor-top-section elementor-element elementor-element-c07a2a4 elementor-section-boxed elementor-section-height-default elementor-section-height-default\" data-id=\"c07a2a4\" data-element_type=\"section\">\n\t\t\t\t\t\t<div class=\"elementor-container elementor-column-gap-default\">\n\t\t\t\t\t<div class=\"elementor-column elementor-col-100 elementor-top-column elementor-element elementor-element-071ec65\" data-id=\"071ec65\" data-element_type=\"column\">\n\t\t\t<div class=\"elementor-widget-wrap elementor-element-populated\">\n\t\t\t\t\t\t\t\t<div class=\"elementor-element elementor-element-5893fae4 elementor-widget elementor-widget-text-editor\" data-id=\"5893fae4\" data-element_type=\"widget\" data-widget_type=\"text-editor.default\">\n\t\t\t\t<div class=\"elementor-widget-container\">\n\t\t\t\t\t\t\t\t<p style=\"text-align: justify;\">La Alcald\u00eda Municipal es el \u00f3rgano municipal de la organizaci\u00f3n p\u00fablica local, es el poder ejecutivo de la municipalidad y est\u00e1 compuesto por el Alcalde y el Concejo Municipal. Es dirigida por el Profesor Wilson Ruben Guerra Portillo y es la dependencia encargada de ejecutar y dar seguimiento a las pol\u00edticas, planes, programas y proyectos que emanan del poder del pueblo y que se discuten mediante la participaci\u00f3n democr\u00e1tica de los vecinos organizados de acuerdo a lo que establecen las leyes pertinentes, es dirigida por el Alcalde Municipal quien adem\u00e1s de presidir el poder ejecutivo municipal, tambi\u00e9n coordina la participaci\u00f3n ciudadana a trav\u00e9s del Consejo Municipal de Desarrollo. De la misma manera el Alcalde Municipal como representante legal de la municipalidad participa en el Consejo Departamental de Desarrollo. Es el encargado de la Unidad del pueblo.<\/p>\t\t\t\t\t\t<\/div>\n\t\t\t\t<\/div>\n\t\t\t\t\t<\/div>\n\t\t<\/div>\n\t\t\t\t\t\t\t<\/div>\n\t\t<\/section>\n\t\t\t\t\t\t<\/div>\n\t\t\t\t\t<\/div>\n\t\t","protected":false},"excerpt":{"rendered":"<p>La Alcald\u00eda Municipal es el \u00f3rgano municipal de la organizaci\u00f3n p\u00fablica local, es el poder ejecutivo de la municipalidad y est\u00e1 compuesto por el Alcalde y el Concejo Municipal. Es dirigida por el Profesor Wilson Ruben Guerra Portillo y es la dependencia encargada de ejecutar y dar seguimiento a las pol\u00edticas, planes, programas y proyectos [&hellip;]<\/p>\n","protected":false},"author":1,"featured_media":0,"parent":0,"menu_order":0,"comment_status":"closed","ping_status":"closed","template":"","meta":{"footnotes":""},"class_list":["post-3178","page","type-page","status-publish","hentry"],"_links":{"self":[{"href":"https:\/\/munisanjuanermita.gob.gt\/index.php\/wp-json\/wp\/v2\/pages\/3178","targetHints":{"allow":["GET"]}}],"collection":[{"href":"https:\/\/munisanjuanermita.gob.gt\/index.php\/wp-json\/wp\/v2\/pages"}],"about":[{"href":"https:\/\/munisanjuanermita.gob.gt\/index.php\/wp-json\/wp\/v2\/types\/page"}],"author":[{"embeddable":true,"href":"https:\/\/munisanjuanermita.gob.gt\/index.php\/wp-json\/wp\/v2\/users\/1"}],"replies":[{"embeddable":true,"href":"https:\/\/munisanjuanermita.gob.gt\/index.php\/wp-json\/wp\/v2\/comments?post=3178"}],"version-history":[{"count":119,"href":"https:\/\/munisanjuanermita.gob.gt\/index.php\/wp-json\/wp\/v2\/pages\/3178\/revisions"}],"predecessor-version":[{"id":8117,"href":"https:\/\/munisanjuanermita.gob.gt\/index.php\/wp-json\/wp\/v2\/pages\/3178\/revisions\/8117"}],"wp:attachment":[{"href":"https:\/\/munisanjuanermita.gob.gt\/index.php\/wp-json\/wp\/v2\/media?parent=3178"}],"curies":[{"name":"wp","href":"https:\/\/api.w.org\/{rel}","templated":true}]}}